{"id":2568,"date":"2020-08-17T13:16:18","date_gmt":"2020-08-17T13:16:18","guid":{"rendered":"https:\/\/staging-old.linemetrics.dev\/?page_id=2568"},"modified":"2020-08-17T13:18:08","modified_gmt":"2020-08-17T13:18:08","slug":"impressum","status":"publish","type":"page","link":"https:\/\/old.linemetrics.dev\/de\/impressum\/","title":{"rendered":"Impressum"},"content":{"rendered":"<div id='av_section_1'  class='avia-section av-4ior14-e2847193124d19f7050ccfd398626f23 alternate_color avia-section-default avia-no-border-styling  avia-builder-el-0  avia-builder-el-no-sibling  avia-bg-style-scroll  container_wrap sidebar_left'  ><div class='container av-section-cont-open' ><main  role=\"main\" itemprop=\"mainContentOfPage\"  class='template-page content  av-content-small units'><div class='post-entry post-entry-type-page post-entry-2568'><div class='entry-content-wrapper clearfix'>\n\n<style type=\"text\/css\" data-created_by=\"avia_inline_auto\" id=\"style-css-av-2kavw8-0b9cc16ab1576644316fdc2860af4e64\">\n.flex_column.av-2kavw8-0b9cc16ab1576644316fdc2860af4e64{\nborder-radius:0px 0px 0px 0px;\n-webkit-border-radius:0px 0px 0px 0px;\n-moz-border-radius:0px 0px 0px 0px;\n}\n<\/style>\n<div class='flex_column av-2kavw8-0b9cc16ab1576644316fdc2860af4e64 av_two_third  avia-builder-el-1  el_before_av_one_third  avia-builder-el-first  first flex_column_div av-zero-column-padding '   ><section class=\"av_textblock_section \"  itemscope=\"itemscope\" itemtype=\"https:\/\/schema.org\/CreativeWork\" ><div class='avia_textblock  '   itemprop=\"text\" ><h2>Website Nutzungsbedingungen<\/h2>\n<p>Die Inhalte dieser Web-Site sind frei nutzbar und dienen ausschlie\u00dflich der Information. Es kommen durch die Nutzung der Auswahlm\u00f6glichkeiten der Web-Site keinerlei Rechtsgesch\u00e4fte zwischen der Eigent\u00fcmerin und den Nutzern zustande. Die weitere Vorgangsweise zwischen Anbietern und Nutzern und der m\u00f6gliche sp\u00e4tere Abschluss von Auftr\u00e4gen zwischen Anbietern und Nutzern liegen im ausschlie\u00dflichen Ermessen der Nutzer.<\/p>\n<p>Alle Preisangaben netto, exklusive Mehrwertsteuer<\/p>\n<h3>Copyright \/ Haftungsausschluss<\/h3>\n<p>Im Hinblick auf die technischen Eigenschaften des Internet kann keine Gew\u00e4hr f\u00fcr die Authentizit\u00e4t, Richtigkeit und Vollst\u00e4ndigkeit der im Internet zur Verf\u00fcgung gestellten Informationen \u00fcbernommen werden. Es wird auch keine Gew\u00e4hr f\u00fcr die Verf\u00fcgbarkeit oder den Betrieb der gegenst\u00e4ndlichen Homepage und ihrer Inhalte \u00fcbernommen.<\/p>\n<p>Jede Haftung f\u00fcr unmittelbare, mittelbare oder sonstige Sch\u00e4den, unabh\u00e4ngig von deren Ursachen, die aus der Benutzung oder Nichtverf\u00fcgbarkeit der Daten und Informationen dieser Homepage erwachsen, wird, soweit rechtlich zul\u00e4ssig, ausgeschlossen.<\/p>\n<p>Der Inhalt dieser Homepage ist urheberrechtlich gesch\u00fctzt. Die Informationen sind nur f\u00fcr die pers\u00f6nliche Verwendung bestimmt. Jede weitergehende Nutzung insbesondere die Speicherung in Datenbanken, Vervielf\u00e4ltigung und jede Form von gewerblicher Nutzung sowie die Weitergabe an Dritte \u2013 auch in Teilen oder in \u00fcberarbeiteter Form \u2013 ohne Zustimmung des Website-Inhabers ist untersagt.<\/p>\n<p>Hyperlinks auf diese Internetpr\u00e4senz sind willkommen. Jede Einbindung einzelner Seiten unseres Angebotes in fremde Frames ist zu unterlassen, ebenso das zur Verf\u00fcgung stellen unseres RSS-Feeds auf fremden Seiten.<\/p>\n<p>Bitte sehen Sie f\u00fcr alle Fragen des Datenschutzes unsere <a href=\"https:\/\/old.linemetrics.dev\/datenschutzerklaerung\/\">Datenschutzerkl\u00e4rung:\u00a0https:\/\/old.linemetrics.dev\/datenschutzerklaerung\/<\/a><\/p>\n<p>Diese Internetpr\u00e4senz enth\u00e4lt Links zu externen Webseiten Dritter, auf deren Inhalte wir keinen Einfluss haben. Deshalb k\u00f6nnen wir f\u00fcr diese fremden Inhalte auch keine Gew\u00e4hr \u00fcbernehmen. F\u00fcr die Inhalte der verlinkten Seiten ist stets der jeweilige Anbieter oder Betreiber der Seiten verantwortlich. Die verlinkten Seiten wurden zum Zeitpunkt der Verlinkung auf m\u00f6gliche Rechtsverst\u00f6\u00dfe \u00fcberpr\u00fcft. Rechtswidrige Inhalte waren zum Zeitpunkt der Verlinkung nicht erkennbar. Eine permanente inhaltliche Kontrolle der verlinkten Seiten ist jedoch ohne konkrete Anhaltspunkte einer Rechtsverletzung nicht zumutbar. Bei Bekanntwerden von Rechtsverletzungen werden wir derartige Links umgehend entfernen.<\/p>\n<\/div><\/section><\/div>\n<style type=\"text\/css\" data-created_by=\"avia_inline_auto\" id=\"style-css-av-1w4oqg-16c1ce2a736ac23ff49826be3cf49344\">\n.flex_column.av-1w4oqg-16c1ce2a736ac23ff49826be3cf49344{\nborder-radius:0px 0px 0px 0px;\n-webkit-border-radius:0px 0px 0px 0px;\n-moz-border-radius:0px 0px 0px 0px;\n}\n<\/style>\n<div class='flex_column av-1w4oqg-16c1ce2a736ac23ff49826be3cf49344 av_one_third  avia-builder-el-3  el_after_av_two_third  avia-builder-el-last  flex_column_div av-zero-column-padding '   ><section class=\"av_textblock_section \"  itemscope=\"itemscope\" itemtype=\"https:\/\/schema.org\/CreativeWork\" ><div class='avia_textblock  '   itemprop=\"text\" ><p>LineMetrics GmbH<br \/>\nSteyrerstra\u00dfe 51<br \/>\n3350 Haag<br \/>\n\u00d6sterreich<\/p>\n<p><a href=\"tel:0043720988776\">+43 (0)720 988 776<\/a><br \/>\n<a href=\"mailto:office@linemetrics.com\">office@linemetrics.com<\/a><br \/>\n<a href=\"https:\/\/old.linemetrics.dev\">old.linemetrics.dev<\/a><br \/>\n<a href=\"https:\/\/old.linemetrics.dev\/kontakt\/\" target=\"_blank\" rel=\"noopener noreferrer\">Kontaktformular<\/a><\/p>\n<p>UID ATU 67254446<br \/>\nFirmenbuchnummer 381079k<br \/>\nLandesgericht St. P\u00f6lten<\/p>\n<\/div><\/section><\/div>\n<\/div><\/div><\/main><!-- close content main element --><\/div><\/div><div id='after_section_1'  class='main_color av_default_container_wrap container_wrap sidebar_left'  ><div class='container av-section-cont-open' ><div class='template-page content  av-content-small units'><div class='post-entry post-entry-type-page post-entry-2568'><div class='entry-content-wrapper clearfix'>\n","protected":false},"excerpt":{"rendered":"","protected":false},"author":1,"featured_media":0,"parent":0,"menu_order":0,"comment_status":"closed","ping_status":"closed","template":"","meta":{"inline_featured_image":false,"footnotes":"","_wp_rev_ctl_limit":""},"class_list":["post-2568","page","type-page","status-publish","hentry"],"yoast_head":"<!-- This site is optimized with the Yoast SEO plugin v27.5 - https:\/\/yoast.com\/product\/yoast-seo-wordpress\/ -->\n<title>Impressum - LineMetrics Smart Building Plattform<\/title>\n<meta name=\"robots\" content=\"noindex, follow, max-snippet:-1, max-image-preview:large, max-video-preview:-1\" \/>\n<meta property=\"og:locale\" content=\"de_DE\" \/>\n<meta property=\"og:type\" content=\"article\" \/>\n<meta property=\"og:title\" content=\"Impressum - LineMetrics Smart Building Plattform\" \/>\n<meta property=\"og:url\" content=\"https:\/\/old.linemetrics.dev\/de\/impressum\/\" \/>\n<meta property=\"og:site_name\" content=\"LineMetrics Smart Building Plattform\" \/>\n<meta property=\"article:modified_time\" content=\"2020-08-17T13:18:08+00:00\" \/>\n<meta name=\"twitter:card\" content=\"summary_large_image\" \/>\n<meta name=\"twitter:label1\" content=\"Gesch\u00e4tzte Lesezeit\" \/>\n\t<meta name=\"twitter:data1\" content=\"4\u00a0Minuten\" \/>\n<script type=\"application\/ld+json\" class=\"yoast-schema-graph\">{\"@context\":\"https:\\\/\\\/schema.org\",\"@graph\":[{\"@type\":\"WebPage\",\"@id\":\"https:\\\/\\\/old.linemetrics.dev\\\/de\\\/impressum\\\/\",\"url\":\"https:\\\/\\\/old.linemetrics.dev\\\/de\\\/impressum\\\/\",\"name\":\"Impressum - LineMetrics Smart Building Plattform\",\"isPartOf\":{\"@id\":\"https:\\\/\\\/old.linemetrics.dev\\\/de\\\/#website\"},\"datePublished\":\"2020-08-17T13:16:18+00:00\",\"dateModified\":\"2020-08-17T13:18:08+00:00\",\"breadcrumb\":{\"@id\":\"https:\\\/\\\/old.linemetrics.dev\\\/de\\\/impressum\\\/#breadcrumb\"},\"inLanguage\":\"de\",\"potentialAction\":[{\"@type\":\"ReadAction\",\"target\":[\"https:\\\/\\\/old.linemetrics.dev\\\/de\\\/impressum\\\/\"]}]},{\"@type\":\"BreadcrumbList\",\"@id\":\"https:\\\/\\\/old.linemetrics.dev\\\/de\\\/impressum\\\/#breadcrumb\",\"itemListElement\":[{\"@type\":\"ListItem\",\"position\":1,\"name\":\"Startseite\",\"item\":\"https:\\\/\\\/old.linemetrics.dev\\\/de\\\/home\\\/\"},{\"@type\":\"ListItem\",\"position\":2,\"name\":\"Impressum\"}]},{\"@type\":\"WebSite\",\"@id\":\"https:\\\/\\\/old.linemetrics.dev\\\/de\\\/#website\",\"url\":\"https:\\\/\\\/old.linemetrics.dev\\\/de\\\/\",\"name\":\"LineMetrics\",\"description\":\"Sensordaten per Plug &amp; Play erfassen und auswerten\",\"publisher\":{\"@id\":\"https:\\\/\\\/old.linemetrics.dev\\\/de\\\/#organization\"},\"potentialAction\":[{\"@type\":\"SearchAction\",\"target\":{\"@type\":\"EntryPoint\",\"urlTemplate\":\"https:\\\/\\\/old.linemetrics.dev\\\/de\\\/?s={search_term_string}\"},\"query-input\":{\"@type\":\"PropertyValueSpecification\",\"valueRequired\":true,\"valueName\":\"search_term_string\"}}],\"inLanguage\":\"de\"},{\"@type\":\"Organization\",\"@id\":\"https:\\\/\\\/old.linemetrics.dev\\\/de\\\/#organization\",\"name\":\"LineMetrics GmbH\",\"url\":\"https:\\\/\\\/old.linemetrics.dev\\\/de\\\/\",\"logo\":{\"@type\":\"ImageObject\",\"inLanguage\":\"de\",\"@id\":\"https:\\\/\\\/old.linemetrics.dev\\\/de\\\/#\\\/schema\\\/logo\\\/image\\\/\",\"url\":\"https:\\\/\\\/old.linemetrics.dev\\\/wp-content\\\/uploads\\\/2020\\\/06\\\/LineMetrics_logo_rgb_WEB-Kopie-4.png\",\"contentUrl\":\"https:\\\/\\\/old.linemetrics.dev\\\/wp-content\\\/uploads\\\/2020\\\/06\\\/LineMetrics_logo_rgb_WEB-Kopie-4.png\",\"width\":340,\"height\":156,\"caption\":\"LineMetrics GmbH\"},\"image\":{\"@id\":\"https:\\\/\\\/old.linemetrics.dev\\\/de\\\/#\\\/schema\\\/logo\\\/image\\\/\"},\"sameAs\":[\"https:\\\/\\\/www.linkedin.com\\\/company\\\/linemetrics\\\/\"]}]}<\/script>\n<!-- \/ Yoast SEO plugin. -->","yoast_head_json":{"title":"Impressum - LineMetrics Smart Building Plattform","robots":{"index":"noindex","follow":"follow","max-snippet":"max-snippet:-1","max-image-preview":"max-image-preview:large","max-video-preview":"max-video-preview:-1"},"og_locale":"de_DE","og_type":"article","og_title":"Impressum - LineMetrics Smart Building Plattform","og_url":"https:\/\/old.linemetrics.dev\/de\/impressum\/","og_site_name":"LineMetrics Smart Building Plattform","article_modified_time":"2020-08-17T13:18:08+00:00","twitter_card":"summary_large_image","twitter_misc":{"Gesch\u00e4tzte Lesezeit":"4\u00a0Minuten"},"schema":{"@context":"https:\/\/schema.org","@graph":[{"@type":"WebPage","@id":"https:\/\/old.linemetrics.dev\/de\/impressum\/","url":"https:\/\/old.linemetrics.dev\/de\/impressum\/","name":"Impressum - LineMetrics Smart Building Plattform","isPartOf":{"@id":"https:\/\/old.linemetrics.dev\/de\/#website"},"datePublished":"2020-08-17T13:16:18+00:00","dateModified":"2020-08-17T13:18:08+00:00","breadcrumb":{"@id":"https:\/\/old.linemetrics.dev\/de\/impressum\/#breadcrumb"},"inLanguage":"de","potentialAction":[{"@type":"ReadAction","target":["https:\/\/old.linemetrics.dev\/de\/impressum\/"]}]},{"@type":"BreadcrumbList","@id":"https:\/\/old.linemetrics.dev\/de\/impressum\/#breadcrumb","itemListElement":[{"@type":"ListItem","position":1,"name":"Startseite","item":"https:\/\/old.linemetrics.dev\/de\/home\/"},{"@type":"ListItem","position":2,"name":"Impressum"}]},{"@type":"WebSite","@id":"https:\/\/old.linemetrics.dev\/de\/#website","url":"https:\/\/old.linemetrics.dev\/de\/","name":"LineMetrics","description":"Sensordaten per Plug &amp; Play erfassen und auswerten","publisher":{"@id":"https:\/\/old.linemetrics.dev\/de\/#organization"},"potentialAction":[{"@type":"SearchAction","target":{"@type":"EntryPoint","urlTemplate":"https:\/\/old.linemetrics.dev\/de\/?s={search_term_string}"},"query-input":{"@type":"PropertyValueSpecification","valueRequired":true,"valueName":"search_term_string"}}],"inLanguage":"de"},{"@type":"Organization","@id":"https:\/\/old.linemetrics.dev\/de\/#organization","name":"LineMetrics GmbH","url":"https:\/\/old.linemetrics.dev\/de\/","logo":{"@type":"ImageObject","inLanguage":"de","@id":"https:\/\/old.linemetrics.dev\/de\/#\/schema\/logo\/image\/","url":"https:\/\/old.linemetrics.dev\/wp-content\/uploads\/2020\/06\/LineMetrics_logo_rgb_WEB-Kopie-4.png","contentUrl":"https:\/\/old.linemetrics.dev\/wp-content\/uploads\/2020\/06\/LineMetrics_logo_rgb_WEB-Kopie-4.png","width":340,"height":156,"caption":"LineMetrics GmbH"},"image":{"@id":"https:\/\/old.linemetrics.dev\/de\/#\/schema\/logo\/image\/"},"sameAs":["https:\/\/www.linkedin.com\/company\/linemetrics\/"]}]}},"_links":{"self":[{"href":"https:\/\/old.linemetrics.dev\/de\/wp-json\/wp\/v2\/pages\/2568","targetHints":{"allow":["GET"]}}],"collection":[{"href":"https:\/\/old.linemetrics.dev\/de\/wp-json\/wp\/v2\/pages"}],"about":[{"href":"https:\/\/old.linemetrics.dev\/de\/wp-json\/wp\/v2\/types\/page"}],"author":[{"embeddable":true,"href":"https:\/\/old.linemetrics.dev\/de\/wp-json\/wp\/v2\/users\/1"}],"replies":[{"embeddable":true,"href":"https:\/\/old.linemetrics.dev\/de\/wp-json\/wp\/v2\/comments?post=2568"}],"version-history":[{"count":4,"href":"https:\/\/old.linemetrics.dev\/de\/wp-json\/wp\/v2\/pages\/2568\/revisions"}],"predecessor-version":[{"id":6200,"href":"https:\/\/old.linemetrics.dev\/de\/wp-json\/wp\/v2\/pages\/2568\/revisions\/6200"}],"wp:attachment":[{"href":"https:\/\/old.linemetrics.dev\/de\/wp-json\/wp\/v2\/media?parent=2568"}],"curies":[{"name":"wp","href":"https:\/\/api.w.org\/{rel}","templated":true}]}}